{"id":90,"date":"2023-05-08T11:49:27","date_gmt":"2023-05-08T11:49:27","guid":{"rendered":"https:\/\/numerique.vamtam.com\/?page_id=90"},"modified":"2025-10-11T23:02:36","modified_gmt":"2025-10-11T20:02:36","slug":"careers","status":"publish","type":"page","link":"https:\/\/www.aesinsight.com\/?page_id=90","title":{"rendered":"KAR\u0130YER"},"content":{"rendered":"\t\t<div data-elementor-type=\"wp-page\" data-elementor-id=\"90\" class=\"elementor elementor-90\" data-elementor-post-type=\"page\">\n\t\t\t\t\t\t<section class=\"elementor-section elementor-top-section elementor-element elementor-element-f2167d0 elementor-section-boxed elementor-section-height-default elementor-section-height-default\" data-id=\"f2167d0\" data-element_type=\"section\" data-e-type=\"section\">\n\t\t\t\t\t\t<div class=\"elementor-container elementor-column-gap-no\">\n\t\t\t\t\t<div class=\"elementor-column elementor-col-50 elementor-top-column elementor-element elementor-element-6a01785\" data-id=\"6a01785\" data-element_type=\"column\" data-e-type=\"column\">\n\t\t\t<div class=\"elementor-widget-wrap elementor-element-populated\">\n\t\t\t\t\t\t<div class=\"elementor-element elementor-element-aa8f646 elementor-invisible elementor-widget elementor-widget-heading\" data-id=\"aa8f646\" data-element_type=\"widget\" data-e-type=\"widget\" data-settings=\"{&quot;_animation&quot;:&quot;fadeIn&quot;,&quot;_animation_tablet&quot;:&quot;none&quot;,&quot;_animation_delay&quot;:300}\" data-widget_type=\"heading.default\">\n\t\t\t\t\t<h1 class=\"elementor-heading-title elementor-size-default\">Ailemize Kat\u0131lmak \u0130ster Misin?<\/h1>\t\t\t\t<\/div>\n\t\t\t\t<div class=\"elementor-element elementor-element-18fde3b elementor-widget__width-initial elementor-widget-mobile__width-inherit elementor-widget-tablet__width-inherit elementor-widget elementor-widget-text-editor\" data-id=\"18fde3b\" data-element_type=\"widget\" data-e-type=\"widget\" data-widget_type=\"text-editor.default\">\n\t\t\t\t\t\t\t\t\t<p>AES Insight Ailesinde, Grafik Tasar\u0131mc\u0131, Yaz\u0131l\u0131mc\u0131, Stajyer \u00d6\u011frenci, Video Edit\u00f6r\u00fc, Metin Yazar\u0131 Pozisyonlar\u0131nda Yer Almak \u0130\u00e7in;<\/p>\t\t\t\t\t\t\t\t<\/div>\n\t\t\t\t<div class=\"vamtam-has-theme-widget-styles elementor-element elementor-element-fe1fca7 elementor-align-left vamtam-has-underline-anim elementor-widget elementor-widget-button\" data-id=\"fe1fca7\" data-element_type=\"widget\" data-e-type=\"widget\" data-widget_type=\"button.default\">\n\t\t\t\t\t\t\t\t\t\t<a class=\"elementor-button elementor-button-link elementor-size-sm\" href=\"https:\/\/wa.me\/message\/455ONOG7S7LUL1\" target=\"_blank\">\n\t\t\t\t\t\t<span class=\"elementor-button-content-wrapper\">\n\t\t\t\t\t\t<span class=\"elementor-button-icon\">\n\t\t\t\t<i aria-hidden=\"true\" class=\"vamtamtheme- vamtam-theme-arrow-right\"><\/i>\t\t\t<\/span>\n\t\t\t\t\t\t\t\t\t<span class=\"elementor-button-text\">Bize Ula\u015f<\/span>\n\t\t\t\t\t<\/span>\n\t\t\t\t\t<\/a>\n\t\t\t\t\t\t\t\t<\/div>\n\t\t\t\t\t<\/div>\n\t\t<\/div>\n\t\t\t\t<div class=\"elementor-column elementor-col-50 elementor-top-column elementor-element elementor-element-c9ff2af\" data-id=\"c9ff2af\" data-element_type=\"column\" data-e-type=\"column\">\n\t\t\t<div class=\"elementor-widget-wrap elementor-element-populated\">\n\t\t\t\t\t\t<div class=\"elementor-element elementor-element-5261ad7 elementor-widget-mobile__width-inherit elementor-widget elementor-widget-global elementor-global-5352 elementor-widget-image\" data-id=\"5261ad7\" data-element_type=\"widget\" data-e-type=\"widget\" data-widget_type=\"image.default\">\n\t\t\t\t\t\t\t\t\t\t\t\t\t\t\t<img fetchpriority=\"high\" decoding=\"async\" width=\"1024\" height=\"1024\" src=\"https:\/\/www.aesinsight.com\/wp-content\/uploads\/2025\/10\/Gemini_Generated_Image_wumz05wumz05wumz.png\" class=\"attachment-large size-large wp-image-987844\" alt=\"\" srcset=\"https:\/\/www.aesinsight.com\/wp-content\/uploads\/2025\/10\/Gemini_Generated_Image_wumz05wumz05wumz.png 1024w, https:\/\/www.aesinsight.com\/wp-content\/uploads\/2025\/10\/Gemini_Generated_Image_wumz05wumz05wumz-300x300.png 300w, https:\/\/www.aesinsight.com\/wp-content\/uploads\/2025\/10\/Gemini_Generated_Image_wumz05wumz05wumz-600x600.png 600w, https:\/\/www.aesinsight.com\/wp-content\/uploads\/2025\/10\/Gemini_Generated_Image_wumz05wumz05wumz-150x150.png 150w, https:\/\/www.aesinsight.com\/wp-content\/uploads\/2025\/10\/Gemini_Generated_Image_wumz05wumz05wumz-768x768.png 768w\" sizes=\"(max-width: 1024px) 100vw, 1024px\" \/>\t\t\t\t\t\t\t\t\t\t\t\t\t\t\t<\/div>\n\t\t\t\t\t<\/div>\n\t\t<\/div>\n\t\t\t\t\t<\/div>\n\t\t<\/section>\n\t\t\t\t<section class=\"elementor-section elementor-top-section elementor-element elementor-element-279716e elementor-section-boxed elementor-section-height-default elementor-section-height-default\" data-id=\"279716e\" data-element_type=\"section\" data-e-type=\"section\">\n\t\t\t\t\t\t<div class=\"elementor-container elementor-column-gap-no\">\n\t\t\t\t\t<div class=\"elementor-column elementor-col-100 elementor-top-column elementor-element elementor-element-c019c87\" data-id=\"c019c87\" data-element_type=\"column\" data-e-type=\"column\">\n\t\t\t<div class=\"elementor-widget-wrap elementor-element-populated\">\n\t\t\t\t\t\t<div class=\"elementor-element elementor-element-1749876 elementor-widget elementor-widget-global elementor-global-3575 elementor-widget-spacer\" data-id=\"1749876\" data-element_type=\"widget\" data-e-type=\"widget\" data-widget_type=\"spacer.default\">\n\t\t\t\t\t\t\t<div class=\"elementor-spacer\">\n\t\t\t<div class=\"elementor-spacer-inner\"><\/div>\n\t\t<\/div>\n\t\t\t\t\t\t<\/div>\n\t\t\t\t\t<\/div>\n\t\t<\/div>\n\t\t\t\t\t<\/div>\n\t\t<\/section>\n\t\t\t\t<\/div>\n\t\t","protected":false},"excerpt":{"rendered":"<p>Ailemize Kat\u0131lmak \u0130ster Misin?<\/p>\n","protected":false},"author":1,"featured_media":987844,"parent":0,"menu_order":0,"comment_status":"closed","ping_status":"closed","template":"","meta":{"footnotes":""},"class_list":["post-90","page","type-page","status-publish","has-post-thumbnail","hentry"],"_links":{"self":[{"href":"https:\/\/www.aesinsight.com\/index.php?rest_route=\/wp\/v2\/pages\/90","targetHints":{"allow":["GET"]}}],"collection":[{"href":"https:\/\/www.aesinsight.com\/index.php?rest_route=\/wp\/v2\/pages"}],"about":[{"href":"https:\/\/www.aesinsight.com\/index.php?rest_route=\/wp\/v2\/types\/page"}],"author":[{"embeddable":true,"href":"https:\/\/www.aesinsight.com\/index.php?rest_route=\/wp\/v2\/users\/1"}],"replies":[{"embeddable":true,"href":"https:\/\/www.aesinsight.com\/index.php?rest_route=%2Fwp%2Fv2%2Fcomments&post=90"}],"version-history":[{"count":9,"href":"https:\/\/www.aesinsight.com\/index.php?rest_route=\/wp\/v2\/pages\/90\/revisions"}],"predecessor-version":[{"id":987850,"href":"https:\/\/www.aesinsight.com\/index.php?rest_route=\/wp\/v2\/pages\/90\/revisions\/987850"}],"wp:featuredmedia":[{"embeddable":true,"href":"https:\/\/www.aesinsight.com\/index.php?rest_route=\/wp\/v2\/media\/987844"}],"wp:attachment":[{"href":"https:\/\/www.aesinsight.com\/index.php?rest_route=%2Fwp%2Fv2%2Fmedia&parent=90"}],"curies":[{"name":"wp","href":"https:\/\/api.w.org\/{rel}","templated":true}]}}