{"id":988446,"date":"2026-03-06T15:54:59","date_gmt":"2026-03-06T12:54:59","guid":{"rendered":"https:\/\/www.aesinsight.com\/?page_id=988446"},"modified":"2026-03-06T16:55:20","modified_gmt":"2026-03-06T13:55:20","slug":"web-tasarim","status":"publish","type":"page","link":"https:\/\/www.aesinsight.com\/?page_id=988446","title":{"rendered":"WEB TASARIM"},"content":{"rendered":"\t\t<div data-elementor-type=\"wp-page\" data-elementor-id=\"988446\" class=\"elementor elementor-988446\" data-elementor-post-type=\"page\">\n\t\t\t\t<div class=\"elementor-element elementor-element-e39e00d e-flex e-con-boxed e-con e-parent\" data-id=\"e39e00d\" data-element_type=\"container\" data-e-type=\"container\">\n\t\t\t\t\t<div class=\"e-con-inner\">\n\t\t\t\t<div class=\"elementor-element elementor-element-22293c1 elementor-widget elementor-widget-html\" data-id=\"22293c1\" data-element_type=\"widget\" data-e-type=\"widget\" data-widget_type=\"html.default\">\n\t\t\t\t\t<section class=\"web-roadmap\">\n  <div class=\"roadmap-heading\">\n    <span class=\"roadmap-mini\">S\u00fcre\u00e7<\/span>\n    <h2>Web Tasar\u0131m S\u00fcrecimiz<\/h2>\n    <p>Her projeyi planl\u0131, \u015feffaf ve kontroll\u00fc \u015fekilde ilerletiyoruz.<\/p>\n  <\/div>\n\n  <div class=\"roadmap-line\"><\/div>\n\n  <div class=\"roadmap-item item-left item-1\">\n    <div class=\"roadmap-content\">\n      <span class=\"step-number\">01<\/span>\n      <h3>\u00d6n G\u00f6r\u00fc\u015fme<\/h3>\n      <p>\u0130htiya\u00e7lar\u0131n\u0131z\u0131, beklentilerinizi ve projenin kapsam\u0131n\u0131 netle\u015ftiriyoruz.<\/p>\n    <\/div>\n    <div class=\"roadmap-dot\"><\/div>\n  <\/div>\n\n  <div class=\"roadmap-item item-right item-2\">\n    <div class=\"roadmap-dot\"><\/div>\n    <div class=\"roadmap-content\">\n      <span class=\"step-number\">02<\/span>\n      <h3>%50 \u00d6n \u00d6deme + Fatura<\/h3>\n      <p>Proje onay\u0131 sonras\u0131 \u00f6n \u00f6deme al\u0131n\u0131r, fatura kesilir ve s\u00fcre\u00e7 resmi olarak ba\u015flar.<\/p>\n    <\/div>\n  <\/div>\n\n  <div class=\"roadmap-item item-left item-3\">\n    <div class=\"roadmap-content\">\n      <span class=\"step-number\">03<\/span>\n      <h3>Sitenin Haz\u0131rlanmas\u0131<\/h3>\n      <p>Tasar\u0131m, i\u00e7erik yerle\u015fimi ve teknik kurulum a\u015famalar\u0131 plan do\u011frultusunda haz\u0131rlan\u0131r.<\/p>\n    <\/div>\n    <div class=\"roadmap-dot\"><\/div>\n  <\/div>\n\n  <div class=\"roadmap-item item-right item-4\">\n    <div class=\"roadmap-dot\"><\/div>\n    <div class=\"roadmap-content\">\n      <span class=\"step-number\">04<\/span>\n      <h3>De\u011ferlendirme ve Revize<\/h3>\n      <p>Haz\u0131rlanan site birlikte de\u011ferlendirilir, gerekli d\u00fczenlemeler uygulan\u0131r.<\/p>\n    <\/div>\n  <\/div>\n\n  <div class=\"roadmap-item item-left item-5\">\n    <div class=\"roadmap-content\">\n      <span class=\"step-number\">05<\/span>\n      <h3>Teslim ve 1 Y\u0131l \u00dccretsiz Destek<\/h3>\n      <p>Web sitesi yay\u0131na al\u0131n\u0131r. Teslim sonras\u0131 teknik destek ve k\u00fc\u00e7\u00fck d\u00fczenlemeler i\u00e7in 1 y\u0131l \u00fccretsiz destek sa\u011flan\u0131r.<\/p>\n    <\/div>\n    <div class=\"roadmap-dot\"><\/div>\n  <\/div>\n<\/section>\t\t\t\t<\/div>\n\t\t\t\t\t<\/div>\n\t\t\t\t<\/div>\n\t\t<div class=\"elementor-element elementor-element-d51249c e-flex e-con-boxed e-con e-parent\" data-id=\"d51249c\" data-element_type=\"container\" data-e-type=\"container\">\n\t\t\t\t\t<div class=\"e-con-inner\">\n\t\t\t\t<div class=\"elementor-element elementor-element-1d743da elementor-widget elementor-widget-spacer\" data-id=\"1d743da\" data-element_type=\"widget\" data-e-type=\"widget\" data-widget_type=\"spacer.default\">\n\t\t\t\t\t\t\t<div class=\"elementor-spacer\">\n\t\t\t<div class=\"elementor-spacer-inner\"><\/div>\n\t\t<\/div>\n\t\t\t\t\t\t<\/div>\n\t\t\t\t\t<\/div>\n\t\t\t\t<\/div>\n\t\t<div class=\"elementor-element elementor-element-7a4be3c e-flex e-con-boxed e-con e-parent\" data-id=\"7a4be3c\" data-element_type=\"container\" data-e-type=\"container\">\n\t\t\t\t\t<div class=\"e-con-inner\">\n\t\t\t\t<div class=\"elementor-element elementor-element-4d68856 elementor-widget elementor-widget-html\" data-id=\"4d68856\" data-element_type=\"widget\" data-e-type=\"widget\" data-widget_type=\"html.default\">\n\t\t\t\t\t<section class=\"reference-sites\">\n\n<h2 class=\"reference-title\">Referans Projeler<\/h2>\n\n<div class=\"reference-grid\">\n\n<a href=\"https:\/\/dremreuysal.com\/\" target=\"_blank\" rel=\"noopener\" class=\"reference-card\">\n<img src=https:\/\/www.aesinsight.com\/wp-content\/uploads\/2026\/03\/SITE-GORSELI-3.jpg.jpg alt=\"Dr \u00d6rnek Site\">\n<h3>Dr \u00d6rnek Site<\/h3>\n<\/a>\n\n<a href=\"https:\/\/kaffehause.com\/\" target=\"_blank\" rel=\"noopener\" class=\"reference-card\">\n<img decoding=\"async\" src=\"https:\/\/www.aesinsight.com\/wp-content\/uploads\/2026\/03\/3.jpg\" alt=\"Cafe \u00d6rnek Site\">\n<h3>Cafe \u00d6rnek Site<\/h3>\n<\/a>\n\n<a href=\"https:\/\/yasasinhamileyim.com\/\" target=\"_blank\" rel=\"noopener\" class=\"reference-card\">\n<img decoding=\"async\" src=\"https:\/\/www.aesinsight.com\/wp-content\/uploads\/2026\/03\/2.jpg\" alt=\"E\u011fitim \u00d6rnek Site\">\n<h3>E\u011fitim \u00d6rnek Site<\/h3>\n<\/a>\n\n<a href=\"https:\/\/www.aleynagiyim.online\/\" target=\"_blank\" rel=\"noopener\" class=\"reference-card\">\n<img decoding=\"async\" src=\"https:\/\/www.aesinsight.com\/wp-content\/uploads\/2026\/03\/4.jpg\" alt=\"Giyim \u00d6rnek Site\">\n<h3>Giyim \u00d6rnek Site<\/h3>\n<\/a>\n\n<a href=\"https:\/\/www.deryabilgicbeauty.com\/\" target=\"_blank\" rel=\"noopener\" class=\"reference-card\">\n<img decoding=\"async\" src=\"https:\/\/www.aesinsight.com\/wp-content\/uploads\/2026\/03\/5.jpg\" alt=\"Beauty \u00d6rnek Site\">\n<h3>Beauty \u00d6rnek Site<\/h3>\n<\/a>\n\n<a href=\"https:\/\/altyapizemin.com.tr\/\" target=\"_blank\" rel=\"noopener\" class=\"reference-card\">\n<img decoding=\"async\" src=\"https:\/\/www.aesinsight.com\/wp-content\/uploads\/2026\/03\/6.jpg\" alt=\"\u0130n\u015faat \u00d6rnek Site\">\n<h3>\u0130n\u015faat \u00d6rnek Site<\/h3>\n<\/a>\n\n<\/div>\n\n<\/section>\t\t\t\t<\/div>\n\t\t\t\t\t<\/div>\n\t\t\t\t<\/div>\n\t\t\t\t<\/div>\n\t\t","protected":false},"excerpt":{"rendered":"<p>S\u00fcre\u00e7 Web Tasar\u0131m S\u00fcrecimiz Her projeyi planl\u0131, \u015feffaf ve kontroll\u00fc \u015fekilde ilerletiyoruz. 01 \u00d6n G\u00f6r\u00fc\u015fme \u0130htiya\u00e7lar\u0131n\u0131z\u0131, beklentilerinizi ve projenin kapsam\u0131n\u0131 netle\u015ftiriyoruz. 02 %50 \u00d6n \u00d6deme + Fatura Proje onay\u0131 sonras\u0131 \u00f6n \u00f6deme al\u0131n\u0131r, fatura kesilir ve s\u00fcre\u00e7 resmi olarak ba\u015flar. 03 Sitenin Haz\u0131rlanmas\u0131 Tasar\u0131m, i\u00e7erik yerle\u015fimi ve teknik kurulum a\u015famalar\u0131 plan do\u011frultusunda haz\u0131rlan\u0131r. 04 De\u011ferlendirme&#8230;<\/p>\n","protected":false},"author":1,"featured_media":0,"parent":0,"menu_order":0,"comment_status":"closed","ping_status":"closed","template":"","meta":{"footnotes":""},"class_list":["post-988446","page","type-page","status-publish","hentry"],"_links":{"self":[{"href":"https:\/\/www.aesinsight.com\/index.php?rest_route=\/wp\/v2\/pages\/988446","targetHints":{"allow":["GET"]}}],"collection":[{"href":"https:\/\/www.aesinsight.com\/index.php?rest_route=\/wp\/v2\/pages"}],"about":[{"href":"https:\/\/www.aesinsight.com\/index.php?rest_route=\/wp\/v2\/types\/page"}],"author":[{"embeddable":true,"href":"https:\/\/www.aesinsight.com\/index.php?rest_route=\/wp\/v2\/users\/1"}],"replies":[{"embeddable":true,"href":"https:\/\/www.aesinsight.com\/index.php?rest_route=%2Fwp%2Fv2%2Fcomments&post=988446"}],"version-history":[{"count":40,"href":"https:\/\/www.aesinsight.com\/index.php?rest_route=\/wp\/v2\/pages\/988446\/revisions"}],"predecessor-version":[{"id":988507,"href":"https:\/\/www.aesinsight.com\/index.php?rest_route=\/wp\/v2\/pages\/988446\/revisions\/988507"}],"wp:attachment":[{"href":"https:\/\/www.aesinsight.com\/index.php?rest_route=%2Fwp%2Fv2%2Fmedia&parent=988446"}],"curies":[{"name":"wp","href":"https:\/\/api.w.org\/{rel}","templated":true}]}}